{"id":10461,"date":"2020-03-05T16:16:04","date_gmt":"2020-03-05T16:16:04","guid":{"rendered":"https:\/\/insalud.gob.ve\/?page_id=10461"},"modified":"2020-03-16T14:14:25","modified_gmt":"2020-03-16T14:14:25","slug":"directorio-de-correos-institucionales","status":"publish","type":"page","link":"https:\/\/insalud.gob.ve\/?page_id=10461","title":{"rendered":"Directorio de Correos Institucionales"},"content":{"rendered":"<table style=\"height: 1200px;\" width=\"719\">\n<tbody>\n<tr style=\"height: 24px;\">\n<td style=\"height: 24px;\" colspan=\"2\" width=\"451\">Direcci\u00f3n \/ Departamento<\/td>\n<td style=\"height: 24px;\" width=\"268\">Correo<\/td>\n<\/tr>\n<tr style=\"height: 24px;\">\n<td style=\"height: 48px;\" rowspan=\"2\">Presidencia<\/td>\n<td style=\"height: 24px;\">Despacho<\/td>\n<td style=\"height: 24px;\">presidencia@insalud.gob.ve<\/td>\n<\/tr>\n<tr style=\"height: 24px;\">\n<td style=\"height: 24px;\">Direcci\u00f3n General Adjunta<\/td>\n<td style=\"height: 24px;\">dgapresidencia@insalud.gob.ve<\/td>\n<\/tr>\n<tr style=\"height: 48px;\">\n<td style=\"height: 48px;\">Vicepresidencia Medica<\/td>\n<td style=\"height: 48px;\">Direcci\u00f3n<\/td>\n<td style=\"height: 48px;\">vicemedica@insalud.gob.ve<\/td>\n<\/tr>\n<tr style=\"height: 24px;\">\n<td style=\"height: 24px;\">Prensa<\/td>\n<td style=\"height: 24px;\">Prensa<\/td>\n<td style=\"height: 24px;\">prensa@insalud.gob.ve<\/td>\n<\/tr>\n<tr style=\"height: 24px;\">\n<td style=\"height: 144px;\" rowspan=\"6\">Inform\u00e1tica<\/td>\n<td style=\"height: 24px;\">Direcci\u00f3n<\/td>\n<td style=\"height: 24px;\">informatica@insalud.gob.ve<\/td>\n<\/tr>\n<tr style=\"height: 24px;\">\n<td style=\"height: 24px;\">Sistemas<\/td>\n<td style=\"height: 24px;\">sistemas@insalud.gob.ve<\/td>\n<\/tr>\n<tr style=\"height: 24px;\">\n<td style=\"height: 24px;\">Soporte<\/td>\n<td style=\"height: 24px;\">soporte@insalud.gob.ve<\/td>\n<\/tr>\n<tr style=\"height: 24px;\">\n<td style=\"height: 24px;\">Documentaci\u00f3n<\/td>\n<td style=\"height: 24px;\">documentacion@insalud.gob.ve<\/td>\n<\/tr>\n<tr style=\"height: 24px;\">\n<td style=\"height: 24px;\">Redes y Telecomunicaciones<\/td>\n<td style=\"height: 24px;\">redes@insalud.gob.ve<\/td>\n<\/tr>\n<tr style=\"height: 24px;\">\n<td style=\"height: 24px;\">Operaciones<\/td>\n<td style=\"height: 24px;\">operaciones@insalud.gob.ve<\/td>\n<\/tr>\n<tr style=\"height: 24px;\">\n<td style=\"height: 24px;\">Participaci\u00f3n Vecinal<\/td>\n<td style=\"height: 24px;\">Direcci\u00f3n<\/td>\n<td style=\"height: 24px;\">participacionvecinal@insalud.gob.ve<\/td>\n<\/tr>\n<tr style=\"height: 48px;\">\n<td style=\"height: 48px;\">Investigaci\u00f3n y Educaci\u00f3n<\/td>\n<td style=\"height: 48px;\">Direcci\u00f3n<\/td>\n<td style=\"height: 48px;\">investigacionyeducacion@insalud.gob.ve<\/td>\n<\/tr>\n<tr style=\"height: 24px;\">\n<td style=\"height: 240px;\" rowspan=\"10\">Recursos Humanos<\/td>\n<td style=\"height: 24px;\">Direcci\u00f3n<\/td>\n<td style=\"height: 24px;\">recursoshumanos@insalud.gob.ve<\/td>\n<\/tr>\n<tr style=\"height: 24px;\">\n<td style=\"height: 24px;\">Asesor\u00eda Legal<\/td>\n<td style=\"height: 24px;\">asesorialegal@insalud.gob.ve<\/td>\n<\/tr>\n<tr style=\"height: 24px;\">\n<td style=\"height: 24px;\">Bienestar Social<\/td>\n<td style=\"height: 24px;\">bienestarsocial@insalud.gob.ve<\/td>\n<\/tr>\n<tr style=\"height: 24px;\">\n<td style=\"height: 24px;\">Gesti\u00f3n Administrativa<\/td>\n<td style=\"height: 24px;\">gestionadministrativa@insalud.gob.ve<\/td>\n<\/tr>\n<tr style=\"height: 24px;\">\n<td style=\"height: 24px;\">N\u00f3mina<\/td>\n<td style=\"height: 24px;\">nomina@insalud.gob.ve<\/td>\n<\/tr>\n<tr style=\"height: 24px;\">\n<td style=\"height: 24px;\">Selecci\u00f3n y Contrataci\u00f3n<\/td>\n<td style=\"height: 24px;\">seleccion@insalud.gob.ve<\/td>\n<\/tr>\n<tr style=\"height: 24px;\">\n<td style=\"height: 24px;\">Relaciones Laborales<\/td>\n<td style=\"height: 24px;\">relacioneslaborales@insalud.gob.ve<\/td>\n<\/tr>\n<tr style=\"height: 24px;\">\n<td style=\"height: 24px;\">Archivo<\/td>\n<td style=\"height: 24px;\">archivo@insalud.gob.ve<\/td>\n<\/tr>\n<tr style=\"height: 24px;\">\n<td style=\"height: 24px;\">Clasificaci\u00f3n y Remuneraci\u00f3n<\/td>\n<td style=\"height: 24px;\">clasificacion@insalud.gob.ve<\/td>\n<\/tr>\n<tr style=\"height: 24px;\">\n<td style=\"height: 24px;\">Formaci\u00f3n y Desarrollo<\/td>\n<td style=\"height: 24px;\">formacion@insalud.gob.ve<\/td>\n<\/tr>\n<tr style=\"height: 24px;\">\n<td style=\"height: 216px;\" rowspan=\"9\">Programas de Salud<\/td>\n<td style=\"height: 24px;\">Direcci\u00f3n<\/td>\n<td style=\"height: 24px;\">programasdesalud@insalud.gob.ve<\/td>\n<\/tr>\n<tr style=\"height: 24px;\">\n<td style=\"height: 24px;\">Red Ambulatoria<\/td>\n<td style=\"height: 24px;\">redambulatoria@insalud.gob.ve<\/td>\n<\/tr>\n<tr style=\"height: 24px;\">\n<td style=\"height: 24px;\">Salud Bucal<\/td>\n<td style=\"height: 24px;\">saludbucal@insalud.gob.ve<\/td>\n<\/tr>\n<tr style=\"height: 24px;\">\n<td style=\"height: 24px;\">Red Hospitalaria<\/td>\n<td style=\"height: 24px;\">redhospitalaria@insalud.gob.ve<\/td>\n<\/tr>\n<tr style=\"height: 24px;\">\n<td style=\"height: 24px;\">Programa Empresa<\/td>\n<td style=\"height: 24px;\">programaempresa@insalud.gob.ve<\/td>\n<\/tr>\n<tr style=\"height: 24px;\">\n<td style=\"height: 24px;\">Sicoan\u00e1lisis<\/td>\n<td style=\"height: 24px;\">bioanalisis@insalud.gob.ve<\/td>\n<\/tr>\n<tr style=\"height: 24px;\">\n<td style=\"height: 24px;\">Registro y Estad\u00edstica<\/td>\n<td style=\"height: 24px;\">registroyestadistica@insalud.gob.ve<\/td>\n<\/tr>\n<tr style=\"height: 24px;\">\n<td style=\"height: 24px;\">Sala Situacional<\/td>\n<td style=\"height: 24px;\">salasituacional@insalud.gob.ve<\/td>\n<\/tr>\n<tr style=\"height: 24px;\">\n<td style=\"height: 24px;\">Enfermer\u00eda<\/td>\n<td style=\"height: 24px;\">enfermeria@insalud.gob.ve<\/td>\n<\/tr>\n<tr style=\"height: 48px;\">\n<td style=\"height: 72px;\" rowspan=\"2\">Epidemiologia<\/td>\n<td style=\"height: 48px;\">PAI &#8211; Programa Ampliado de Inmunizaciones<\/td>\n<td style=\"height: 48px;\">pai@insalud.gob.ve<\/td>\n<\/tr>\n<tr style=\"height: 24px;\">\n<td style=\"height: 24px;\">Informaci\u00f3n y Estad\u00edstica<\/td>\n<td style=\"height: 24px;\">informacionyestadistica@insalud.gob.ve<\/td>\n<\/tr>\n<tr style=\"height: 24px;\">\n<td style=\"height: 24px;\">Consultor\u00eda Jur\u00eddica<\/td>\n<td style=\"height: 24px;\">Direcci\u00f3n<\/td>\n<td style=\"height: 24px;\">consultoriajuridica@insalud.gob.ve<\/td>\n<\/tr>\n<tr style=\"height: 24px;\">\n<td style=\"height: 24px;\">Presupuesto<\/td>\n<td style=\"height: 24px;\">Direcci\u00f3n<\/td>\n<td style=\"height: 24px;\">presupuesto@insalud.gob.ve<\/td>\n<\/tr>\n<tr style=\"height: 24px;\">\n<td style=\"height: 48px;\" rowspan=\"2\">Log\u00edstica<\/td>\n<td style=\"height: 24px;\">Direcci\u00f3n<\/td>\n<td style=\"height: 24px;\">logisitica@insalud.gob.ve<\/td>\n<\/tr>\n<tr style=\"height: 24px;\">\n<td style=\"height: 24px;\">Contrataciones<\/td>\n<td style=\"height: 24px;\">contrataciones@insalud.gob.ve<\/td>\n<\/tr>\n<tr style=\"height: 24px;\">\n<td style=\"height: 24px;\">Infraestructura<\/td>\n<td style=\"height: 24px;\">Direcci\u00f3n<\/td>\n<td style=\"height: 24px;\">infraestructura@insalud.gob.ve<\/td>\n<\/tr>\n<tr style=\"height: 24px;\">\n<td style=\"height: 144px;\" rowspan=\"6\">Administraci\u00f3n<\/td>\n<td style=\"height: 24px;\">Direcci\u00f3n<\/td>\n<td style=\"height: 24px;\">administracion@insalud.gob.ve<\/td>\n<\/tr>\n<tr style=\"height: 24px;\">\n<td style=\"height: 24px;\">Bienes<\/td>\n<td style=\"height: 24px;\">bienes@insalud.gob.ve<\/td>\n<\/tr>\n<tr style=\"height: 24px;\">\n<td style=\"height: 24px;\">Control Administrativo<\/td>\n<td style=\"height: 24px;\">controladministrativo@insalud.gob.ve<\/td>\n<\/tr>\n<tr style=\"height: 24px;\">\n<td style=\"height: 24px;\">Ejecuci\u00f3n Financiera<\/td>\n<td style=\"height: 24px;\">ejecucionfinanciera@insalud.gob.ve<\/td>\n<\/tr>\n<tr style=\"height: 24px;\">\n<td style=\"height: 24px;\">Contabilidad<\/td>\n<td style=\"height: 24px;\">contabilidad@insalud.gob.ve<\/td>\n<\/tr>\n<tr style=\"height: 24px;\">\n<td style=\"height: 24px;\">Tesorer\u00eda<\/td>\n<td style=\"height: 24px;\">tesoreria@insalud.gob.ve<\/td>\n<\/tr>\n<tr style=\"height: 24px;\">\n<td style=\"height: 24px;\">Seguridad<\/td>\n<td style=\"height: 24px;\">Direcci\u00f3n<\/td>\n<td style=\"height: 24px;\">seguridad@insalud.gob.ve<\/td>\n<\/tr>\n<tr style=\"height: 24px;\">\n<td style=\"height: 24px;\">Auditoria Interna<\/td>\n<td style=\"height: 24px;\">Direcci\u00f3n<\/td>\n<td style=\"height: 24px;\">auditoria@insalud.gob.ve<\/td>\n<\/tr>\n<\/tbody>\n<\/table>\n","protected":false},"excerpt":{"rendered":"<p>Direcci\u00f3n \/ Departamento Correo Presidencia Despacho presidencia@insalud.gob.ve Direcci\u00f3n General Adjunta dgapresidencia@insalud.gob.ve Vicepresidencia Medica Direcci\u00f3n vicemedica@insalud.gob.ve Prensa Prensa prensa@insalud.gob.ve Inform\u00e1tica Direcci\u00f3n informatica@insalud.gob.ve Sistemas sistemas@insalud.gob.ve Soporte soporte@insalud.gob.ve Documentaci\u00f3n documentacion@insalud.gob.ve Redes y Telecomunicaciones redes@insalud.gob.ve Operaciones operaciones@insalud.gob.ve Participaci\u00f3n Vecinal Direcci\u00f3n participacionvecinal@insalud.gob.ve Investigaci\u00f3n y Educaci\u00f3n Direcci\u00f3n investigacionyeducacion@insalud.gob.ve Recursos Humanos Direcci\u00f3n recursoshumanos@insalud.gob.ve Asesor\u00eda Legal asesorialegal@insalud.gob.ve Bienestar Social bienestarsocial@insalud.gob.ve Gesti\u00f3n Administrativa gestionadministrativa@insalud.gob.ve &hellip;<\/p>\n","protected":false},"author":1,"featured_media":0,"parent":0,"menu_order":0,"comment_status":"closed","ping_status":"closed","template":"","meta":[],"_links":{"self":[{"href":"https:\/\/insalud.gob.ve\/index.php?rest_route=\/wp\/v2\/pages\/10461"}],"collection":[{"href":"https:\/\/insalud.gob.ve\/index.php?rest_route=\/wp\/v2\/pages"}],"about":[{"href":"https:\/\/insalud.gob.ve\/index.php?rest_route=\/wp\/v2\/types\/page"}],"author":[{"embeddable":true,"href":"https:\/\/insalud.gob.ve\/index.php?rest_route=\/wp\/v2\/users\/1"}],"replies":[{"embeddable":true,"href":"https:\/\/insalud.gob.ve\/index.php?rest_route=%2Fwp%2Fv2%2Fcomments&post=10461"}],"version-history":[{"count":0,"href":"https:\/\/insalud.gob.ve\/index.php?rest_route=\/wp\/v2\/pages\/10461\/revisions"}],"wp:attachment":[{"href":"https:\/\/insalud.gob.ve\/index.php?rest_route=%2Fwp%2Fv2%2Fmedia&parent=10461"}],"curies":[{"name":"wp","href":"https:\/\/api.w.org\/{rel}","templated":true}]}}