{"id":1545,"date":"2015-09-10T14:37:05","date_gmt":"2015-09-10T14:37:05","guid":{"rendered":"http:\/\/192.168.10.1\/intranet_wp\/?page_id=1545"},"modified":"2015-09-10T15:20:05","modified_gmt":"2015-09-10T15:20:05","slug":"vision","status":"publish","type":"page","link":"https:\/\/insalud.gob.ve\/?page_id=1545","title":{"rendered":"Visi\u00f3n"},"content":{"rendered":"<p>Ser la instituci\u00f3n que garantice el cumplimiento de las pol\u00edticas p\u00fablicas de salud, ofreciendo al ciudadano carabobe\u00f1o un servicio eficiente y oportuno, ajustado a las necesidades propias de las comunidades, con instalaciones adecuadas, dotadas y equipadas.<\/p>\n","protected":false},"excerpt":{"rendered":"<p>Ser la instituci\u00f3n que garantice el cumplimiento de las pol\u00edticas p\u00fablicas de salud, ofreciendo al ciudadano carabobe\u00f1o un servicio eficiente y oportuno, ajustado a las necesidades propias de las comunidades, con instalaciones adecuadas, dotadas y equipadas.<\/p>\n","protected":false},"author":1,"featured_media":0,"parent":0,"menu_order":0,"comment_status":"closed","ping_status":"closed","template":"","meta":[],"_links":{"self":[{"href":"https:\/\/insalud.gob.ve\/index.php?rest_route=\/wp\/v2\/pages\/1545"}],"collection":[{"href":"https:\/\/insalud.gob.ve\/index.php?rest_route=\/wp\/v2\/pages"}],"about":[{"href":"https:\/\/insalud.gob.ve\/index.php?rest_route=\/wp\/v2\/types\/page"}],"author":[{"embeddable":true,"href":"https:\/\/insalud.gob.ve\/index.php?rest_route=\/wp\/v2\/users\/1"}],"replies":[{"embeddable":true,"href":"https:\/\/insalud.gob.ve\/index.php?rest_route=%2Fwp%2Fv2%2Fcomments&post=1545"}],"version-history":[{"count":0,"href":"https:\/\/insalud.gob.ve\/index.php?rest_route=\/wp\/v2\/pages\/1545\/revisions"}],"wp:attachment":[{"href":"https:\/\/insalud.gob.ve\/index.php?rest_route=%2Fwp%2Fv2%2Fmedia&parent=1545"}],"curies":[{"name":"wp","href":"https:\/\/api.w.org\/{rel}","templated":true}]}}