{"id":1547,"date":"2015-09-10T14:37:46","date_gmt":"2015-09-10T14:37:46","guid":{"rendered":"http:\/\/192.168.10.1\/intranet_wp\/?page_id=1547"},"modified":"2015-09-10T15:19:55","modified_gmt":"2015-09-10T15:19:55","slug":"objetivos-estrategicos","status":"publish","type":"page","link":"https:\/\/insalud.gob.ve\/?page_id=1547","title":{"rendered":"Objetivos Estrat\u00e9gicos"},"content":{"rendered":"<ul>\n<li>Ejecutar los programas destinados a la promoci\u00f3n de la salud y la prevenci\u00f3n de enfermedades.<\/li>\n<li>Coordinar los programas de salud de manera institucional e interestatal, con la participaci\u00f3n activa de las comunidades organizadas.<\/li>\n<li>Integrar un eficiente equipo humano motivado, capacitado, bien remunerado e identificado con nuestra misi\u00f3n.<\/li>\n<li>Recuperar, reacondicionar y mantener la red de centros de salud de nuestro Estado con los materiales y equipos necesarios para atender las actividades preventivas y curativas.<\/li>\n<li>Incorporar las nuevas tecnolog\u00edas a nuestro Sistema Estadal de Salud.<\/li>\n<\/ul>\n","protected":false},"excerpt":{"rendered":"<p>Ejecutar los programas destinados a la promoci\u00f3n de la salud y la prevenci\u00f3n de enfermedades. Coordinar los programas de salud de manera institucional e interestatal, con la participaci\u00f3n activa de las comunidades organizadas. Integrar un eficiente equipo humano motivado, capacitado, bien remunerado e identificado con nuestra misi\u00f3n. Recuperar, reacondicionar y mantener la red de centros &hellip;<\/p>\n","protected":false},"author":1,"featured_media":0,"parent":0,"menu_order":0,"comment_status":"closed","ping_status":"closed","template":"","meta":[],"_links":{"self":[{"href":"https:\/\/insalud.gob.ve\/index.php?rest_route=\/wp\/v2\/pages\/1547"}],"collection":[{"href":"https:\/\/insalud.gob.ve\/index.php?rest_route=\/wp\/v2\/pages"}],"about":[{"href":"https:\/\/insalud.gob.ve\/index.php?rest_route=\/wp\/v2\/types\/page"}],"author":[{"embeddable":true,"href":"https:\/\/insalud.gob.ve\/index.php?rest_route=\/wp\/v2\/users\/1"}],"replies":[{"embeddable":true,"href":"https:\/\/insalud.gob.ve\/index.php?rest_route=%2Fwp%2Fv2%2Fcomments&post=1547"}],"version-history":[{"count":0,"href":"https:\/\/insalud.gob.ve\/index.php?rest_route=\/wp\/v2\/pages\/1547\/revisions"}],"wp:attachment":[{"href":"https:\/\/insalud.gob.ve\/index.php?rest_route=%2Fwp%2Fv2%2Fmedia&parent=1547"}],"curies":[{"name":"wp","href":"https:\/\/api.w.org\/{rel}","templated":true}]}}