{"id":1549,"date":"2015-09-10T14:38:23","date_gmt":"2015-09-10T14:38:23","guid":{"rendered":"http:\/\/192.168.10.1\/intranet_wp\/?page_id=1549"},"modified":"2017-09-23T04:20:41","modified_gmt":"2017-09-23T04:20:41","slug":"actividad-principal","status":"publish","type":"page","link":"https:\/\/insalud.gob.ve\/?page_id=1549","title":{"rendered":"Actividad Principal."},"content":{"rendered":"<ul>\n<li>Servir de \u00f3rgano operativo y financiero del Sistema Regional de Salud del Estado Carabobo.<\/li>\n<li>Administrar por delegaci\u00f3n del Gobierno del Estado Carabobo los recursos humanos y financieros del Sistema Regional de Salud.<\/li>\n<li>Ejecutar todos los programas de salud p\u00fablica seg\u00fan se describen en el Convenio de Transferencia aprobado y suscrito entre el Ejecutivo Nacional y el Estado Carabobo, en fecha 3 de diciembre de 1993.<\/li>\n<li>Administrar y mantener las instalaciones m\u00e9dico asistenciales del Estado Carabobo, cuidando de su conservaci\u00f3n, ampliaci\u00f3n y adecuaci\u00f3n a los requerimientos de la poblaci\u00f3n.<\/li>\n<li>Promover la participaci\u00f3n activa de la comunidad organizada en la elaboraci\u00f3n y supervisi\u00f3n del Plan de Salud Regional.<\/li>\n<li>Desarrollar y ejecutar el programa regional de construcci\u00f3n, equipamiento, dotaci\u00f3n y mantenimiento de la infraestructura m\u00e9dico \u2013asistencial para atender las necesidades del Sistema Regional de Salud, contratando los servicios correspondientes.<\/li>\n<li>Administrar, conservar y custodiar las dotaciones b\u00e1sicas de los equipos e instalaciones de la estructura m\u00e9dico-asistencial adquiridas y que le sean transferidos.<\/li>\n<li>Establecer y organizar un sistema de adquisici\u00f3n, control y almacenaje de insumos para garantizar la debida existencia de los mismos en los centros m\u00e9dicos asistenciales del Estado.<\/li>\n<li>Consolidar el sistema de recuperaci\u00f3n de costos por los servicios y actividades realizadas.<\/li>\n<\/ul>\n","protected":false},"excerpt":{"rendered":"<p>Servir de \u00f3rgano operativo y financiero del Sistema Regional de Salud del Estado Carabobo. Administrar por delegaci\u00f3n del Gobierno del Estado Carabobo los recursos humanos y financieros del Sistema Regional de Salud. Ejecutar todos los programas de salud p\u00fablica seg\u00fan se describen en el Convenio de Transferencia aprobado y suscrito entre el Ejecutivo Nacional y &hellip;<\/p>\n","protected":false},"author":1,"featured_media":0,"parent":0,"menu_order":0,"comment_status":"closed","ping_status":"closed","template":"","meta":[],"_links":{"self":[{"href":"https:\/\/insalud.gob.ve\/index.php?rest_route=\/wp\/v2\/pages\/1549"}],"collection":[{"href":"https:\/\/insalud.gob.ve\/index.php?rest_route=\/wp\/v2\/pages"}],"about":[{"href":"https:\/\/insalud.gob.ve\/index.php?rest_route=\/wp\/v2\/types\/page"}],"author":[{"embeddable":true,"href":"https:\/\/insalud.gob.ve\/index.php?rest_route=\/wp\/v2\/users\/1"}],"replies":[{"embeddable":true,"href":"https:\/\/insalud.gob.ve\/index.php?rest_route=%2Fwp%2Fv2%2Fcomments&post=1549"}],"version-history":[{"count":0,"href":"https:\/\/insalud.gob.ve\/index.php?rest_route=\/wp\/v2\/pages\/1549\/revisions"}],"wp:attachment":[{"href":"https:\/\/insalud.gob.ve\/index.php?rest_route=%2Fwp%2Fv2%2Fmedia&parent=1549"}],"curies":[{"name":"wp","href":"https:\/\/api.w.org\/{rel}","templated":true}]}}